{"id":10627,"date":"2025-07-16T20:32:10","date_gmt":"2025-07-17T00:32:10","guid":{"rendered":"https:\/\/i-electronic.com\/sys\/?post_type=product&#038;p=10627"},"modified":"2025-07-22T09:54:21","modified_gmt":"2025-07-22T13:54:21","slug":"ezviz-h9c-camara-de-vigilancia-exterior-con-movimiento-3mp-2k-doble-lente-wifi","status":"publish","type":"product","link":"https:\/\/i-electronic.com\/sys\/product\/ezviz-h9c-camara-de-vigilancia-exterior-con-movimiento-3mp-2k-doble-lente-wifi\/","title":{"rendered":"EZVIZ H8 PRO &#8211; CAMARA DE VIGILANCIA EXTERIOR CON MOVIMIENTO 5MP"},"content":{"rendered":"<p>Experimente una seguridad exterior mejorada con la H8c Pro 3K. Esta ofrece un excepcional y v\u00edvido v\u00eddeo de 360 grados en 3K para garantizar que ning\u00fan detalle de su propiedad pase desapercibido, tanto de d\u00eda como de noche. Gracias a su avanzada funci\u00f3n de seguimiento con zoom autom\u00e1tico, la H8c Pro 3K hace panor\u00e1micas y se inclina para captar toda la actividad de una persona o un coche en movimiento alrededor de su casa, y responde con alertas \u00fatiles y disuasi\u00f3n de luz y sonido in situ para proporcionar una mayor seguridad incluso cuando usted no est\u00e1 vigilando.<\/p>\n","protected":false},"excerpt":{"rendered":"<p>Experimente una seguridad exterior mejorada con la H8c Pro 3K. Esta ofrece un excepcional y v\u00edvido v\u00eddeo de 360 grados en 3K para garantizar que ning\u00fan detalle de su propiedad pase desapercibido, tanto de d\u00eda como de noche. Gracias a su avanzada funci\u00f3n de seguimiento con zoom autom\u00e1tico, la H8c Pro 3K hace panor\u00e1micas y [&#8230;]\n","protected":false},"featured_media":10643,"template":"","meta":[],"product_brand":[16],"product_cat":[86,87],"product_tag":[],"class_list":{"0":"post-10627","1":"product","2":"type-product","3":"status-publish","4":"has-post-thumbnail","6":"product_brand-ezviz","7":"product_cat-camaras","8":"product_cat-camaras-ip","9":"pa_uso-uso-interior-exterior","11":"first","12":"instock","13":"featured","14":"shipping-taxable","15":"purchasable","16":"product-type-simple"},"tiered_pricing_type":"fixed","tiered_pricing_fixed_rules":[],"tiered_pricing_product_settings":{"layout":"default","base_unit_name":{"singular":null,"plural":null},"default_variation":null},"tiered_pricing_minimum_quantity":null,"tiered_pricing_roles_data":{"instalador":{"product_id":10627,"role":"instalador","pricing_type":"flat","regular_price":125,"sale_price":105,"discount":null,"discount_type":"sale_price","tiered_pricing_type":"fixed","percentage_rules":[],"fixed_rules":[],"minimum":null}},"tiered_pricing_percentage_rules":[],"tiered_pricing_maximum_quantity":null,"tiered_pricing_quantity_step":null,"_links":{"self":[{"href":"https:\/\/i-electronic.com\/sys\/wp-json\/wp\/v2\/product\/10627","targetHints":{"allow":["GET"]}}],"collection":[{"href":"https:\/\/i-electronic.com\/sys\/wp-json\/wp\/v2\/product"}],"about":[{"href":"https:\/\/i-electronic.com\/sys\/wp-json\/wp\/v2\/types\/product"}],"wp:featuredmedia":[{"embeddable":true,"href":"https:\/\/i-electronic.com\/sys\/wp-json\/wp\/v2\/media\/10643"}],"wp:attachment":[{"href":"https:\/\/i-electronic.com\/sys\/wp-json\/wp\/v2\/media?parent=10627"}],"wp:term":[{"taxonomy":"product_brand","embeddable":true,"href":"https:\/\/i-electronic.com\/sys\/wp-json\/wp\/v2\/product_brand?post=10627"},{"taxonomy":"product_cat","embeddable":true,"href":"https:\/\/i-electronic.com\/sys\/wp-json\/wp\/v2\/product_cat?post=10627"},{"taxonomy":"product_tag","embeddable":true,"href":"https:\/\/i-electronic.com\/sys\/wp-json\/wp\/v2\/product_tag?post=10627"}],"curies":[{"name":"wp","href":"https:\/\/api.w.org\/{rel}","templated":true}]}}