{"id":10631,"date":"2025-07-16T20:36:13","date_gmt":"2025-07-17T00:36:13","guid":{"rendered":"https:\/\/i-electronic.com\/sys\/?post_type=product&#038;p=10631"},"modified":"2025-07-22T09:52:39","modified_gmt":"2025-07-22T13:52:39","slug":"ezviz-h8c-camara-seguridad-inteligente-4mp-2k-wifi-giratoria-360","status":"publish","type":"product","link":"https:\/\/i-electronic.com\/sys\/product\/ezviz-h8c-camara-seguridad-inteligente-4mp-2k-wifi-giratoria-360\/","title":{"rendered":"EZVIZ H8C PRO- C\u00c1MARA SEGURIDAD INTELIGENTE 3MP  WIFI GIRATORIA 360\u00b0"},"content":{"rendered":"<p>Si desea una c\u00e1mara que lo vea todo y cubra todas las \u00e1reas, la H8 Pro 2K es una buena opci\u00f3n a considerar. Al lograr flexibilidad y funcionalidad, la H8 Pro 2K presenta un \u00e1ngulo de visi\u00f3n de 360 grados y una resoluci\u00f3n 2K para reducir en gran medida los puntos ciegos en la protecci\u00f3n del hogar mientras captura detalles cruciales. Cuenta con IA para detecciones inteligentes y controles sencillos, y se puede confiar en que ofrezca vigilancia las 24 horas del d\u00eda, los 7 d\u00edas de la semana, con su impresionante visi\u00f3n nocturna y una funci\u00f3n de defensa activa.<\/p>\n","protected":false},"excerpt":{"rendered":"<p>Si desea una c\u00e1mara que lo vea todo y cubra todas las \u00e1reas, la H8 Pro 2K es una buena opci\u00f3n a considerar. Al lograr flexibilidad y funcionalidad, la H8 Pro 2K presenta un \u00e1ngulo de visi\u00f3n de 360 grados y una resoluci\u00f3n 2K para reducir en gran medida los puntos ciegos en la protecci\u00f3n [&#8230;]\n","protected":false},"featured_media":10634,"template":"","meta":[],"product_brand":[16],"product_cat":[86,87],"product_tag":[],"class_list":{"0":"post-10631","1":"product","2":"type-product","3":"status-publish","4":"has-post-thumbnail","6":"product_brand-ezviz","7":"product_cat-camaras","8":"product_cat-camaras-ip","9":"pa_uso-uso-interior-exterior","11":"first","12":"instock","13":"featured","14":"shipping-taxable","15":"purchasable","16":"product-type-simple"},"tiered_pricing_type":"fixed","tiered_pricing_fixed_rules":[],"tiered_pricing_product_settings":{"layout":"default","base_unit_name":{"singular":null,"plural":null},"default_variation":null},"tiered_pricing_minimum_quantity":null,"tiered_pricing_roles_data":{"instalador":{"product_id":10631,"role":"instalador","pricing_type":"flat","regular_price":90,"sale_price":75,"discount":null,"discount_type":"sale_price","tiered_pricing_type":"fixed","percentage_rules":[],"fixed_rules":[],"minimum":null}},"tiered_pricing_percentage_rules":[],"tiered_pricing_maximum_quantity":null,"tiered_pricing_quantity_step":null,"_links":{"self":[{"href":"https:\/\/i-electronic.com\/sys\/wp-json\/wp\/v2\/product\/10631","targetHints":{"allow":["GET"]}}],"collection":[{"href":"https:\/\/i-electronic.com\/sys\/wp-json\/wp\/v2\/product"}],"about":[{"href":"https:\/\/i-electronic.com\/sys\/wp-json\/wp\/v2\/types\/product"}],"wp:featuredmedia":[{"embeddable":true,"href":"https:\/\/i-electronic.com\/sys\/wp-json\/wp\/v2\/media\/10634"}],"wp:attachment":[{"href":"https:\/\/i-electronic.com\/sys\/wp-json\/wp\/v2\/media?parent=10631"}],"wp:term":[{"taxonomy":"product_brand","embeddable":true,"href":"https:\/\/i-electronic.com\/sys\/wp-json\/wp\/v2\/product_brand?post=10631"},{"taxonomy":"product_cat","embeddable":true,"href":"https:\/\/i-electronic.com\/sys\/wp-json\/wp\/v2\/product_cat?post=10631"},{"taxonomy":"product_tag","embeddable":true,"href":"https:\/\/i-electronic.com\/sys\/wp-json\/wp\/v2\/product_tag?post=10631"}],"curies":[{"name":"wp","href":"https:\/\/api.w.org\/{rel}","templated":true}]}}