{"id":10636,"date":"2025-07-16T20:54:28","date_gmt":"2025-07-17T00:54:28","guid":{"rendered":"https:\/\/i-electronic.com\/sys\/?post_type=product&#038;p=10636"},"modified":"2025-07-22T09:48:14","modified_gmt":"2025-07-22T13:48:14","slug":"ezviz-h9c-camara-de-vigilancia-exterior-con-movimiento-3mp-2k-doble-lente-wifi-copia","status":"publish","type":"product","link":"https:\/\/i-electronic.com\/sys\/product\/ezviz-h9c-camara-de-vigilancia-exterior-con-movimiento-3mp-2k-doble-lente-wifi-copia\/","title":{"rendered":"EZVIZ H9C &#8211; CAMARA DE VIGILANCIA EXTERIOR C\/MOV 3MP DOBLE LENTE"},"content":{"rendered":"<p>La nueva incorporaci\u00f3n a la aclamada serie PT de EZVIZ, la H9c 2K de doble lente demuestra el futuro de la automatizaci\u00f3n de la seguridad con m\u00faltiples tecnolog\u00edas \u00fanicas. Sus dos lentes funcionan de forma interactiva para proteger zonas m\u00e1s amplias de una manera m\u00e1s sencilla, logrando resultados comparables a los de un sistema multic\u00e1mara. Alerta de eventos importantes, sigue las actividades en curso y patrulla lugares clave cada cierto tiempo, todo ello de forma autom\u00e1tica.<\/p>\n","protected":false},"excerpt":{"rendered":"<p>La nueva incorporaci\u00f3n a la aclamada serie PT de EZVIZ, la H9c 2K de doble lente demuestra el futuro de la automatizaci\u00f3n de la seguridad con m\u00faltiples tecnolog\u00edas \u00fanicas. Sus dos lentes funcionan de forma interactiva para proteger zonas m\u00e1s amplias de una manera m\u00e1s sencilla, logrando resultados comparables a los de un sistema multic\u00e1mara. [&#8230;]\n","protected":false},"featured_media":10628,"template":"","meta":[],"product_brand":[16],"product_cat":[86,87],"product_tag":[],"class_list":{"0":"post-10636","1":"product","2":"type-product","3":"status-publish","4":"has-post-thumbnail","6":"product_brand-ezviz","7":"product_cat-camaras","8":"product_cat-camaras-ip","9":"pa_uso-uso-interior-exterior","11":"first","12":"instock","13":"featured","14":"shipping-taxable","15":"purchasable","16":"product-type-simple"},"tiered_pricing_type":"fixed","tiered_pricing_fixed_rules":[],"tiered_pricing_product_settings":{"layout":"default","base_unit_name":{"singular":null,"plural":null},"default_variation":null},"tiered_pricing_minimum_quantity":null,"tiered_pricing_roles_data":{"instalador":{"product_id":10636,"role":"instalador","pricing_type":"flat","regular_price":95,"sale_price":80,"discount":null,"discount_type":"sale_price","tiered_pricing_type":"fixed","percentage_rules":[],"fixed_rules":[],"minimum":null}},"tiered_pricing_percentage_rules":[],"tiered_pricing_maximum_quantity":null,"tiered_pricing_quantity_step":null,"_links":{"self":[{"href":"https:\/\/i-electronic.com\/sys\/wp-json\/wp\/v2\/product\/10636","targetHints":{"allow":["GET"]}}],"collection":[{"href":"https:\/\/i-electronic.com\/sys\/wp-json\/wp\/v2\/product"}],"about":[{"href":"https:\/\/i-electronic.com\/sys\/wp-json\/wp\/v2\/types\/product"}],"wp:featuredmedia":[{"embeddable":true,"href":"https:\/\/i-electronic.com\/sys\/wp-json\/wp\/v2\/media\/10628"}],"wp:attachment":[{"href":"https:\/\/i-electronic.com\/sys\/wp-json\/wp\/v2\/media?parent=10636"}],"wp:term":[{"taxonomy":"product_brand","embeddable":true,"href":"https:\/\/i-electronic.com\/sys\/wp-json\/wp\/v2\/product_brand?post=10636"},{"taxonomy":"product_cat","embeddable":true,"href":"https:\/\/i-electronic.com\/sys\/wp-json\/wp\/v2\/product_cat?post=10636"},{"taxonomy":"product_tag","embeddable":true,"href":"https:\/\/i-electronic.com\/sys\/wp-json\/wp\/v2\/product_tag?post=10636"}],"curies":[{"name":"wp","href":"https:\/\/api.w.org\/{rel}","templated":true}]}}