{"id":10637,"date":"2025-07-16T20:54:55","date_gmt":"2025-07-17T00:54:55","guid":{"rendered":"https:\/\/i-electronic.com\/sys\/?post_type=product&#038;p=10637"},"modified":"2025-07-22T09:42:52","modified_gmt":"2025-07-22T13:42:52","slug":"ezviz-h8c-camara-seguridad-inteligente-4mp-wifi-giratoria-360","status":"publish","type":"product","link":"https:\/\/i-electronic.com\/sys\/product\/ezviz-h8c-camara-seguridad-inteligente-4mp-wifi-giratoria-360\/","title":{"rendered":"EZVIZ H8C &#8211; C\u00c1MARA SEGURIDAD INTELIGENTE 4MP  WIFI GIRATORIA 360\u00b0"},"content":{"rendered":"<div class=\"text-ele\">\n<p>Protecci\u00f3n de 360 grados simplemente inteligente. Al heredar las tecnolog\u00edas principales de la galardonada serie de c\u00e1maras con paneo e inclinaci\u00f3n para exteriores de EZVIZ, la H8c cuenta con m\u00faltiples funciones inteligentes en una unidad compacta para una protecci\u00f3n del hogar simplemente inteligente. Esta c\u00e1mara de confianza y accesible es ideal para cualquier clima y funciona de forma estable en plataformas de Internet residenciales.<\/p>\n<\/div>\n","protected":false},"excerpt":{"rendered":"<p>Protecci\u00f3n de 360 grados simplemente inteligente. Al heredar las tecnolog\u00edas principales de la galardonada serie de c\u00e1maras con paneo e inclinaci\u00f3n para exteriores de EZVIZ, la H8c cuenta con m\u00faltiples funciones inteligentes en una unidad compacta para una protecci\u00f3n del hogar simplemente inteligente. Esta c\u00e1mara de confianza y accesible es ideal para cualquier clima y [&#8230;]\n","protected":false},"featured_media":10633,"template":"","meta":[],"product_brand":[16],"product_cat":[86,87],"product_tag":[],"class_list":{"0":"post-10637","1":"product","2":"type-product","3":"status-publish","4":"has-post-thumbnail","6":"product_brand-ezviz","7":"product_cat-camaras","8":"product_cat-camaras-ip","9":"pa_uso-uso-interior-exterior","11":"first","12":"instock","13":"featured","14":"shipping-taxable","15":"purchasable","16":"product-type-simple"},"tiered_pricing_type":"fixed","tiered_pricing_fixed_rules":[],"tiered_pricing_product_settings":{"layout":"default","base_unit_name":{"singular":null,"plural":null},"default_variation":null},"tiered_pricing_minimum_quantity":null,"tiered_pricing_roles_data":{"administrator":{"product_id":10637,"role":"administrator","pricing_type":"flat","regular_price":95,"sale_price":79,"discount":null,"discount_type":"sale_price","tiered_pricing_type":"fixed","percentage_rules":[],"fixed_rules":[],"minimum":null}},"tiered_pricing_percentage_rules":[],"tiered_pricing_maximum_quantity":null,"tiered_pricing_quantity_step":null,"_links":{"self":[{"href":"https:\/\/i-electronic.com\/sys\/wp-json\/wp\/v2\/product\/10637","targetHints":{"allow":["GET"]}}],"collection":[{"href":"https:\/\/i-electronic.com\/sys\/wp-json\/wp\/v2\/product"}],"about":[{"href":"https:\/\/i-electronic.com\/sys\/wp-json\/wp\/v2\/types\/product"}],"wp:featuredmedia":[{"embeddable":true,"href":"https:\/\/i-electronic.com\/sys\/wp-json\/wp\/v2\/media\/10633"}],"wp:attachment":[{"href":"https:\/\/i-electronic.com\/sys\/wp-json\/wp\/v2\/media?parent=10637"}],"wp:term":[{"taxonomy":"product_brand","embeddable":true,"href":"https:\/\/i-electronic.com\/sys\/wp-json\/wp\/v2\/product_brand?post=10637"},{"taxonomy":"product_cat","embeddable":true,"href":"https:\/\/i-electronic.com\/sys\/wp-json\/wp\/v2\/product_cat?post=10637"},{"taxonomy":"product_tag","embeddable":true,"href":"https:\/\/i-electronic.com\/sys\/wp-json\/wp\/v2\/product_tag?post=10637"}],"curies":[{"name":"wp","href":"https:\/\/api.w.org\/{rel}","templated":true}]}}