{"id":10638,"date":"2025-07-16T20:57:21","date_gmt":"2025-07-17T00:57:21","guid":{"rendered":"https:\/\/i-electronic.com\/sys\/?post_type=product&#038;p=10638"},"modified":"2025-07-22T09:41:24","modified_gmt":"2025-07-22T13:41:24","slug":"ezviz-h8c-poe-camara-seguridad-inteligente-3mp-wifi-giratoria-360","status":"publish","type":"product","link":"https:\/\/i-electronic.com\/sys\/product\/ezviz-h8c-poe-camara-seguridad-inteligente-3mp-wifi-giratoria-360\/","title":{"rendered":"EZVIZ H8C POE- C\u00c1MARA SEGURIDAD INTELIGENTE 3MP  WIFI GIRATORIA 360\u00b0"},"content":{"rendered":"<div class=\"text-ele\">\n<p>Protecci\u00f3n de 360 grados sencillamente inteligente. Heredando la tecnolog\u00eda base de la laureada gama de EZVIZ con giro e inclinaci\u00f3n, la c\u00e1mara H8c es compacta y cuenta con innumerables funciones inteligentes para la protecci\u00f3n del hogar inteligente. Esta asequible c\u00e1mara es fiable en todo tipo de condiciones ambientales y funciona sin interrupciones en las plataformas de internet residenciales. Adem\u00e1s de todo est\u00e1 puede ser alimentada sobre el cable ethernet<\/p>\n<\/div>\n","protected":false},"excerpt":{"rendered":"<p>Protecci\u00f3n de 360 grados sencillamente inteligente. Heredando la tecnolog\u00eda base de la laureada gama de EZVIZ con giro e inclinaci\u00f3n, la c\u00e1mara H8c es compacta y cuenta con innumerables funciones inteligentes para la protecci\u00f3n del hogar inteligente. Esta asequible c\u00e1mara es fiable en todo tipo de condiciones ambientales y funciona sin interrupciones en las plataformas [&#8230;]\n","protected":false},"featured_media":10634,"template":"","meta":[],"product_brand":[16],"product_cat":[86,87],"product_tag":[],"class_list":{"0":"post-10638","1":"product","2":"type-product","3":"status-publish","4":"has-post-thumbnail","6":"product_brand-ezviz","7":"product_cat-camaras","8":"product_cat-camaras-ip","9":"pa_uso-uso-interior-exterior","11":"first","12":"instock","13":"shipping-taxable","14":"purchasable","15":"product-type-simple"},"tiered_pricing_type":"fixed","tiered_pricing_fixed_rules":[],"tiered_pricing_product_settings":{"layout":"default","base_unit_name":{"singular":null,"plural":null},"default_variation":null},"tiered_pricing_minimum_quantity":null,"tiered_pricing_roles_data":{"instalador":{"product_id":10638,"role":"instalador","pricing_type":"flat","regular_price":90,"sale_price":77,"discount":null,"discount_type":"sale_price","tiered_pricing_type":"fixed","percentage_rules":[],"fixed_rules":[],"minimum":null}},"tiered_pricing_percentage_rules":[],"tiered_pricing_maximum_quantity":null,"tiered_pricing_quantity_step":null,"_links":{"self":[{"href":"https:\/\/i-electronic.com\/sys\/wp-json\/wp\/v2\/product\/10638","targetHints":{"allow":["GET"]}}],"collection":[{"href":"https:\/\/i-electronic.com\/sys\/wp-json\/wp\/v2\/product"}],"about":[{"href":"https:\/\/i-electronic.com\/sys\/wp-json\/wp\/v2\/types\/product"}],"wp:featuredmedia":[{"embeddable":true,"href":"https:\/\/i-electronic.com\/sys\/wp-json\/wp\/v2\/media\/10634"}],"wp:attachment":[{"href":"https:\/\/i-electronic.com\/sys\/wp-json\/wp\/v2\/media?parent=10638"}],"wp:term":[{"taxonomy":"product_brand","embeddable":true,"href":"https:\/\/i-electronic.com\/sys\/wp-json\/wp\/v2\/product_brand?post=10638"},{"taxonomy":"product_cat","embeddable":true,"href":"https:\/\/i-electronic.com\/sys\/wp-json\/wp\/v2\/product_cat?post=10638"},{"taxonomy":"product_tag","embeddable":true,"href":"https:\/\/i-electronic.com\/sys\/wp-json\/wp\/v2\/product_tag?post=10638"}],"curies":[{"name":"wp","href":"https:\/\/api.w.org\/{rel}","templated":true}]}}