{"id":10647,"date":"2025-07-17T08:03:11","date_gmt":"2025-07-17T12:03:11","guid":{"rendered":"https:\/\/i-electronic.com\/sys\/?post_type=product&#038;p=10647"},"modified":"2025-07-19T20:47:08","modified_gmt":"2025-07-20T00:47:08","slug":"ezviz-eb8-4g-kit-camara-exterior-c-bateria-3mp-2k-4g-lte-y-panel-solar","status":"publish","type":"product","link":"https:\/\/i-electronic.com\/sys\/product\/ezviz-eb8-4g-kit-camara-exterior-c-bateria-3mp-2k-4g-lte-y-panel-solar\/","title":{"rendered":"EZVIZ- EB8 -4G KIT &#8211; CAMARA EXTERIOR C\/BATERIA 3MP\/2K 4G\/LTE Y PANEL SOLAR"},"content":{"rendered":"<p>Con la nueva EZVIZ EB8 4G, proteger los lugares m\u00e1s importantes es m\u00e1s f\u00e1cil que nunca. Esta c\u00e1mara rompe con las restricciones tradicionales de instalaci\u00f3n, ya que funciona de manera independiente a redes Wi-Fi y electricidad, lo que la convierte en una soluci\u00f3n perfecta para \u00e1reas remotas o sin acceso a energ\u00eda. Con\u00e9ctela a una red 4G y disfrute de una vigilancia avanzada sin complicaciones. Caracter\u00edsticas Destacadas: Funciona solo con red 4G: Ideal para ubicaciones sin acceso a Wi-Fi. GPS integrado: Localiza la c\u00e1mara con precisi\u00f3n en exteriores abiertos. Bater\u00eda de larga duraci\u00f3n: Optimizada para funcionar en \u00e1reas con se\u00f1al 4G estable. Compatibilidad con panel solar: Con\u00e9ctela a un panel solar EZVIZ con puerto tipo C para energ\u00eda renovable. Almacenamiento flexible: Admite tarjetas microSD (no incluidas) y almacenamiento en la nube (verifique la disponibilidad en su regi\u00f3n). Visi\u00f3n nocturna a color: Proporciona im\u00e1genes claras en la oscuridad sin parpadeos de la luz de foco. Compresi\u00f3n de video H.265: Ahorra espacio sin comprometer la calidad, optimizada para entornos din\u00e1micos. La EZVIZ EB8 4G es la soluci\u00f3n definitiva para aquellos que necesitan seguridad en \u00e1reas dif\u00edciles de conectar, con caracter\u00edsticas avanzadas que aseguran protecci\u00f3n y monitoreo confiable en cualquier lugar.<\/p>\n","protected":false},"excerpt":{"rendered":"<p>Con la nueva EZVIZ EB8 4G, proteger los lugares m\u00e1s importantes es m\u00e1s f\u00e1cil que nunca. Esta c\u00e1mara rompe con las restricciones tradicionales de instalaci\u00f3n, ya que funciona de manera independiente a redes Wi-Fi y electricidad, lo que la convierte en una soluci\u00f3n perfecta para \u00e1reas remotas o sin acceso a energ\u00eda. Con\u00e9ctela a una [&#8230;]\n","protected":false},"featured_media":10654,"template":"","meta":[],"product_brand":[16],"product_cat":[86,87],"product_tag":[],"class_list":{"0":"post-10647","1":"product","2":"type-product","3":"status-publish","4":"has-post-thumbnail","6":"product_brand-ezviz","7":"product_cat-camaras","8":"product_cat-camaras-ip","9":"pa_uso-uso-exteriores","11":"first","12":"instock","13":"featured","14":"shipping-taxable","15":"purchasable","16":"product-type-simple"},"tiered_pricing_type":"fixed","tiered_pricing_fixed_rules":[],"tiered_pricing_product_settings":{"layout":"default","base_unit_name":{"singular":null,"plural":null},"default_variation":null},"tiered_pricing_minimum_quantity":null,"tiered_pricing_roles_data":{"instalador":{"product_id":10647,"role":"instalador","pricing_type":"flat","regular_price":125,"sale_price":105,"discount":null,"discount_type":"sale_price","tiered_pricing_type":"fixed","percentage_rules":[],"fixed_rules":[],"minimum":null}},"tiered_pricing_percentage_rules":[],"tiered_pricing_maximum_quantity":null,"tiered_pricing_quantity_step":null,"_links":{"self":[{"href":"https:\/\/i-electronic.com\/sys\/wp-json\/wp\/v2\/product\/10647","targetHints":{"allow":["GET"]}}],"collection":[{"href":"https:\/\/i-electronic.com\/sys\/wp-json\/wp\/v2\/product"}],"about":[{"href":"https:\/\/i-electronic.com\/sys\/wp-json\/wp\/v2\/types\/product"}],"wp:featuredmedia":[{"embeddable":true,"href":"https:\/\/i-electronic.com\/sys\/wp-json\/wp\/v2\/media\/10654"}],"wp:attachment":[{"href":"https:\/\/i-electronic.com\/sys\/wp-json\/wp\/v2\/media?parent=10647"}],"wp:term":[{"taxonomy":"product_brand","embeddable":true,"href":"https:\/\/i-electronic.com\/sys\/wp-json\/wp\/v2\/product_brand?post=10647"},{"taxonomy":"product_cat","embeddable":true,"href":"https:\/\/i-electronic.com\/sys\/wp-json\/wp\/v2\/product_cat?post=10647"},{"taxonomy":"product_tag","embeddable":true,"href":"https:\/\/i-electronic.com\/sys\/wp-json\/wp\/v2\/product_tag?post=10647"}],"curies":[{"name":"wp","href":"https:\/\/api.w.org\/{rel}","templated":true}]}}