{"id":7746,"date":"2025-07-13T13:23:12","date_gmt":"2025-07-13T17:23:12","guid":{"rendered":"https:\/\/i-electronic.com\/sys\/?post_type=product&#038;p=7746"},"modified":"2025-07-22T10:11:20","modified_gmt":"2025-07-22T14:11:20","slug":"ezviz-h7c-camara-de-vigilancia-con-movimiento-4mp-doble-lente-wifi-2-4-5ghz","status":"publish","type":"product","link":"https:\/\/i-electronic.com\/sys\/product\/ezviz-h7c-camara-de-vigilancia-con-movimiento-4mp-doble-lente-wifi-2-4-5ghz\/","title":{"rendered":"EZVIZ H7C &#8211; CAMARA DE VIGILANCIA CON MOVIMIENTO 4MP DOBLE LENTE"},"content":{"rendered":"<p>Experimente una visi\u00f3n interior incomparable con el Ezviz H7C Dual. Utilizando dos lentes poderosas para garantizar una cobertura integral de arriba a abajo, la c\u00e1mara proporciona protecci\u00f3n de toda la habitaci\u00f3n como nunca antes. Equipado con detecci\u00f3n de movimiento humano, llamadas bidireccionales y visi\u00f3n de d\u00eda\/noche clara, lo mantiene conectado a su hogar desde cualquier lugar y duplica su sentido de seguridad con caracter\u00edsticas mucho m\u00e1s flexibles.<\/p>\n","protected":false},"excerpt":{"rendered":"<p>Experimente una visi\u00f3n interior incomparable con el Ezviz H7C Dual. Utilizando dos lentes poderosas para garantizar una cobertura integral de arriba a abajo, la c\u00e1mara proporciona protecci\u00f3n de toda la habitaci\u00f3n como nunca antes. Equipado con detecci\u00f3n de movimiento humano, llamadas bidireccionales y visi\u00f3n de d\u00eda\/noche clara, lo mantiene conectado a su hogar desde cualquier lugar y duplica su sentido de seguridad con caracter\u00edsticas mucho m\u00e1s flexibles. <strong><br \/>\n<a href=\"https:\/\/i-electronic.com\/sys\/product\/ezviz-h7c-camara-de-vigilancia-con-movimiento-4mp-doble-lente-wifi-2-4-5ghz\/\" target=\"_blank\" rel=\"noopener\">Conocer m\u00e1s<\/a><\/strong><\/p>\n","protected":false},"featured_media":5817,"template":"","meta":[],"product_brand":[16],"product_cat":[86,87],"product_tag":[],"class_list":{"0":"post-7746","1":"product","2":"type-product","3":"status-publish","4":"has-post-thumbnail","6":"product_brand-ezviz","7":"product_cat-camaras","8":"product_cat-camaras-ip","9":"pa_uso-uso-interiores","11":"first","12":"instock","13":"featured","14":"shipping-taxable","15":"purchasable","16":"product-type-simple"},"tiered_pricing_type":"fixed","tiered_pricing_fixed_rules":[],"tiered_pricing_product_settings":{"layout":"default","base_unit_name":{"singular":null,"plural":null},"default_variation":null},"tiered_pricing_minimum_quantity":null,"tiered_pricing_roles_data":{"instalador":{"product_id":7746,"role":"instalador","pricing_type":"flat","regular_price":74,"sale_price":63,"discount":null,"discount_type":"sale_price","tiered_pricing_type":"fixed","percentage_rules":[],"fixed_rules":[],"minimum":null}},"tiered_pricing_percentage_rules":[],"tiered_pricing_maximum_quantity":null,"tiered_pricing_quantity_step":null,"_links":{"self":[{"href":"https:\/\/i-electronic.com\/sys\/wp-json\/wp\/v2\/product\/7746","targetHints":{"allow":["GET"]}}],"collection":[{"href":"https:\/\/i-electronic.com\/sys\/wp-json\/wp\/v2\/product"}],"about":[{"href":"https:\/\/i-electronic.com\/sys\/wp-json\/wp\/v2\/types\/product"}],"wp:featuredmedia":[{"embeddable":true,"href":"https:\/\/i-electronic.com\/sys\/wp-json\/wp\/v2\/media\/5817"}],"wp:attachment":[{"href":"https:\/\/i-electronic.com\/sys\/wp-json\/wp\/v2\/media?parent=7746"}],"wp:term":[{"taxonomy":"product_brand","embeddable":true,"href":"https:\/\/i-electronic.com\/sys\/wp-json\/wp\/v2\/product_brand?post=7746"},{"taxonomy":"product_cat","embeddable":true,"href":"https:\/\/i-electronic.com\/sys\/wp-json\/wp\/v2\/product_cat?post=7746"},{"taxonomy":"product_tag","embeddable":true,"href":"https:\/\/i-electronic.com\/sys\/wp-json\/wp\/v2\/product_tag?post=7746"}],"curies":[{"name":"wp","href":"https:\/\/api.w.org\/{rel}","templated":true}]}}