{"id":7749,"date":"2025-07-13T13:41:25","date_gmt":"2025-07-13T17:41:25","guid":{"rendered":"https:\/\/i-electronic.com\/sys\/?post_type=product&#038;p=7749"},"modified":"2025-07-22T10:09:00","modified_gmt":"2025-07-22T14:09:00","slug":"ezviz-h4-poe-camara-de-vigilancia-exteriores-3mp-wifi","status":"publish","type":"product","link":"https:\/\/i-electronic.com\/sys\/product\/ezviz-h4-poe-camara-de-vigilancia-exteriores-3mp-wifi\/","title":{"rendered":"EZVIZ H4 -POE- CAMARA DE VIGILANCIA EXTERIORES 3MP WIFI"},"content":{"rendered":"","protected":false},"excerpt":{"rendered":"<p>La H4 ofrece prestaciones adecuadas para casi todas las necesidades de seguridad de una c\u00e1mara domo. Con un conjunto de funciones inteligentes, una resoluci\u00f3n con tecnolog\u00eda de avanzada de 2K y un dise\u00f1o robusto, es la opci\u00f3n ideal si desea cubrir espacios grandes o muy concurridos. Adem\u00e1s, cualquier eventualidad importante puede consultarse y gestionarse de forma muy sencilla desde la aplicaci\u00f3n m\u00f3vil de EZVIZ.<\/p>\n","protected":false},"featured_media":7748,"template":"","meta":[],"product_brand":[16],"product_cat":[86,87],"product_tag":[],"class_list":{"0":"post-7749","1":"product","2":"type-product","3":"status-publish","4":"has-post-thumbnail","6":"product_brand-ezviz","7":"product_cat-camaras","8":"product_cat-camaras-ip","9":"pa_uso-uso-interior-exterior","11":"first","12":"instock","13":"shipping-taxable","14":"purchasable","15":"product-type-simple"},"tiered_pricing_type":"fixed","tiered_pricing_fixed_rules":[],"tiered_pricing_product_settings":{"layout":"default","base_unit_name":{"singular":null,"plural":null},"default_variation":null},"tiered_pricing_minimum_quantity":null,"tiered_pricing_roles_data":{"instalador":{"product_id":7749,"role":"instalador","pricing_type":"flat","regular_price":64,"sale_price":55,"discount":null,"discount_type":"sale_price","tiered_pricing_type":"fixed","percentage_rules":[],"fixed_rules":[],"minimum":null}},"tiered_pricing_percentage_rules":[],"tiered_pricing_maximum_quantity":null,"tiered_pricing_quantity_step":null,"_links":{"self":[{"href":"https:\/\/i-electronic.com\/sys\/wp-json\/wp\/v2\/product\/7749","targetHints":{"allow":["GET"]}}],"collection":[{"href":"https:\/\/i-electronic.com\/sys\/wp-json\/wp\/v2\/product"}],"about":[{"href":"https:\/\/i-electronic.com\/sys\/wp-json\/wp\/v2\/types\/product"}],"wp:featuredmedia":[{"embeddable":true,"href":"https:\/\/i-electronic.com\/sys\/wp-json\/wp\/v2\/media\/7748"}],"wp:attachment":[{"href":"https:\/\/i-electronic.com\/sys\/wp-json\/wp\/v2\/media?parent=7749"}],"wp:term":[{"taxonomy":"product_brand","embeddable":true,"href":"https:\/\/i-electronic.com\/sys\/wp-json\/wp\/v2\/product_brand?post=7749"},{"taxonomy":"product_cat","embeddable":true,"href":"https:\/\/i-electronic.com\/sys\/wp-json\/wp\/v2\/product_cat?post=7749"},{"taxonomy":"product_tag","embeddable":true,"href":"https:\/\/i-electronic.com\/sys\/wp-json\/wp\/v2\/product_tag?post=7749"}],"curies":[{"name":"wp","href":"https:\/\/api.w.org\/{rel}","templated":true}]}}