{"id":7750,"date":"2025-07-13T13:54:14","date_gmt":"2025-07-13T17:54:14","guid":{"rendered":"https:\/\/i-electronic.com\/sys\/?post_type=product&#038;p=7750"},"modified":"2025-07-22T10:06:03","modified_gmt":"2025-07-22T14:06:03","slug":"ezviz-h1c-camara-domestica-u-oficina-2mp-wifi","status":"publish","type":"product","link":"https:\/\/i-electronic.com\/sys\/product\/ezviz-h1c-camara-domestica-u-oficina-2mp-wifi\/","title":{"rendered":"EZVIZ H1C &#8211; CAMARA DOM\u00c9STICA U OFICINA 2MP WIFI"},"content":{"rendered":"","protected":false},"excerpt":{"rendered":"<p>La H1c es una c\u00e1mara de interior esencial sencilla pero confiable ideal para vigilar a sus hijos y mascotas, a la vez que ofrece protecci\u00f3n para su hogar de d\u00eda y de noche. La c\u00e1mara cuenta con todas las funciones esenciales para una c\u00e1mara compacta f\u00e1cil de usar que se adapta a cualquier espacio del hogar. Ofrece una gran calidad de video, visi\u00f3n nocturna n\u00edtida, detecci\u00f3n de movimiento y audio bidireccional. Adem\u00e1s, proporciona comodidad adicional gracias a su dise\u00f1o f\u00e1cil de instalar, modo de suspensi\u00f3n, tres modos de alerta sonora y mucho m\u00e1s.<\/p>\n","protected":false},"featured_media":7780,"template":"","meta":[],"product_brand":[16],"product_cat":[86,87],"product_tag":[],"class_list":{"0":"post-7750","1":"product","2":"type-product","3":"status-publish","4":"has-post-thumbnail","6":"product_brand-ezviz","7":"product_cat-camaras","8":"product_cat-camaras-ip","9":"pa_uso-uso-interiores","11":"first","12":"instock","13":"featured","14":"shipping-taxable","15":"purchasable","16":"product-type-simple"},"tiered_pricing_type":"fixed","tiered_pricing_fixed_rules":[],"tiered_pricing_product_settings":{"layout":"default","base_unit_name":{"singular":null,"plural":null},"default_variation":null},"tiered_pricing_minimum_quantity":null,"tiered_pricing_roles_data":{"instalador":{"product_id":7750,"role":"instalador","pricing_type":"flat","regular_price":35,"sale_price":29,"discount":null,"discount_type":"sale_price","tiered_pricing_type":"fixed","percentage_rules":[],"fixed_rules":[],"minimum":null}},"tiered_pricing_percentage_rules":[],"tiered_pricing_maximum_quantity":null,"tiered_pricing_quantity_step":null,"_links":{"self":[{"href":"https:\/\/i-electronic.com\/sys\/wp-json\/wp\/v2\/product\/7750","targetHints":{"allow":["GET"]}}],"collection":[{"href":"https:\/\/i-electronic.com\/sys\/wp-json\/wp\/v2\/product"}],"about":[{"href":"https:\/\/i-electronic.com\/sys\/wp-json\/wp\/v2\/types\/product"}],"wp:featuredmedia":[{"embeddable":true,"href":"https:\/\/i-electronic.com\/sys\/wp-json\/wp\/v2\/media\/7780"}],"wp:attachment":[{"href":"https:\/\/i-electronic.com\/sys\/wp-json\/wp\/v2\/media?parent=7750"}],"wp:term":[{"taxonomy":"product_brand","embeddable":true,"href":"https:\/\/i-electronic.com\/sys\/wp-json\/wp\/v2\/product_brand?post=7750"},{"taxonomy":"product_cat","embeddable":true,"href":"https:\/\/i-electronic.com\/sys\/wp-json\/wp\/v2\/product_cat?post=7750"},{"taxonomy":"product_tag","embeddable":true,"href":"https:\/\/i-electronic.com\/sys\/wp-json\/wp\/v2\/product_tag?post=7750"}],"curies":[{"name":"wp","href":"https:\/\/api.w.org\/{rel}","templated":true}]}}