{"id":7761,"date":"2025-07-14T07:47:50","date_gmt":"2025-07-14T11:47:50","guid":{"rendered":"https:\/\/i-electronic.com\/sys\/?post_type=product&#038;p=7761"},"modified":"2025-07-22T09:59:15","modified_gmt":"2025-07-22T13:59:15","slug":"ezviz-h6c-pro-4mp-camara-de-vigilancia-con-movimiento","status":"publish","type":"product","link":"https:\/\/i-electronic.com\/sys\/product\/ezviz-h6c-pro-4mp-camara-de-vigilancia-con-movimiento\/","title":{"rendered":"EZVIZ H6C PRO 4Mp &#8211; CAMARA DE VIGILANCIA CON MOVIMIENTO"},"content":{"rendered":"","protected":false},"excerpt":{"rendered":"<p>Ingrese al universo de la seguridad interior mejorada con la m\u00e1s reciente H6c Pro. Gracias a su funci\u00f3n de rotaci\u00f3n y trayectoria de inspecci\u00f3n, esta c\u00e1mara inteligente captura din\u00e1micamente cada rinc\u00f3n sin que ning\u00fan detalle pase desapercibido. Al responder con una agilidad inigualable a los movimientos humanos y a ruidos repentinos, eleva el seguimiento a nuevos niveles. Con el nuevo dise\u00f1o del bot\u00f3n t\u00e1ctil de llamada, la H6c Pro le garantiza que siempre estar\u00e1 conectado con su familia, sin importar la distancia.<\/p>\n","protected":false},"featured_media":7758,"template":"","meta":[],"product_brand":[16],"product_cat":[86,87],"product_tag":[],"class_list":{"0":"post-7761","1":"product","2":"type-product","3":"status-publish","4":"has-post-thumbnail","6":"product_brand-ezviz","7":"product_cat-camaras","8":"product_cat-camaras-ip","9":"pa_uso-uso-interiores","11":"first","12":"instock","13":"featured","14":"shipping-taxable","15":"purchasable","16":"product-type-simple"},"tiered_pricing_type":"fixed","tiered_pricing_fixed_rules":[],"tiered_pricing_product_settings":{"layout":"default","base_unit_name":{"singular":null,"plural":null},"default_variation":null},"tiered_pricing_minimum_quantity":null,"tiered_pricing_roles_data":{"instalador":{"product_id":7761,"role":"instalador","pricing_type":"flat","regular_price":55,"sale_price":45,"discount":null,"discount_type":"sale_price","tiered_pricing_type":"fixed","percentage_rules":[],"fixed_rules":[],"minimum":null}},"tiered_pricing_percentage_rules":[],"tiered_pricing_maximum_quantity":null,"tiered_pricing_quantity_step":null,"_links":{"self":[{"href":"https:\/\/i-electronic.com\/sys\/wp-json\/wp\/v2\/product\/7761","targetHints":{"allow":["GET"]}}],"collection":[{"href":"https:\/\/i-electronic.com\/sys\/wp-json\/wp\/v2\/product"}],"about":[{"href":"https:\/\/i-electronic.com\/sys\/wp-json\/wp\/v2\/types\/product"}],"wp:featuredmedia":[{"embeddable":true,"href":"https:\/\/i-electronic.com\/sys\/wp-json\/wp\/v2\/media\/7758"}],"wp:attachment":[{"href":"https:\/\/i-electronic.com\/sys\/wp-json\/wp\/v2\/media?parent=7761"}],"wp:term":[{"taxonomy":"product_brand","embeddable":true,"href":"https:\/\/i-electronic.com\/sys\/wp-json\/wp\/v2\/product_brand?post=7761"},{"taxonomy":"product_cat","embeddable":true,"href":"https:\/\/i-electronic.com\/sys\/wp-json\/wp\/v2\/product_cat?post=7761"},{"taxonomy":"product_tag","embeddable":true,"href":"https:\/\/i-electronic.com\/sys\/wp-json\/wp\/v2\/product_tag?post=7761"}],"curies":[{"name":"wp","href":"https:\/\/api.w.org\/{rel}","templated":true}]}}