{"id":7773,"date":"2025-07-15T07:25:54","date_gmt":"2025-07-15T11:25:54","guid":{"rendered":"https:\/\/i-electronic.com\/sys\/?post_type=product&#038;p=7773"},"modified":"2025-07-22T09:57:11","modified_gmt":"2025-07-22T13:57:11","slug":"ezviz-h3c-camara-de-vigilancia-exteriores-2mp-wifi-2","status":"publish","type":"product","link":"https:\/\/i-electronic.com\/sys\/product\/ezviz-h3c-camara-de-vigilancia-exteriores-2mp-wifi-2\/","title":{"rendered":"EZVIZ H3C  &#8211; CAMARA DE VIGILANCIA EXTERIORES 2MP WIFI"},"content":{"rendered":"","protected":false},"excerpt":{"rendered":"<p>Si busca una c\u00e1mara simple, resistente e inteligente que sea muy asequible al mismo tiempo, es probable que la H3c sea la mejor opci\u00f3n que encontrar\u00e1. La c\u00e1mara se dise\u00f1\u00f3 para ofrecer una protecci\u00f3n confiable durante el d\u00eda y la noche, e incluye una detecci\u00f3n de actividad humana con tecnolog\u00eda de IA, carcasa con dise\u00f1o resistente a la intemperie, calidad de video n\u00edtida, visi\u00f3n nocturna de gran alcance y mucho m\u00e1s.<\/p>\n","protected":false},"featured_media":7768,"template":"","meta":[],"product_brand":[16],"product_cat":[86,87],"product_tag":[],"class_list":{"0":"post-7773","1":"product","2":"type-product","3":"status-publish","4":"has-post-thumbnail","6":"product_brand-ezviz","7":"product_cat-camaras","8":"product_cat-camaras-ip","9":"pa_uso-uso-interior-exterior","11":"first","12":"instock","13":"featured","14":"shipping-taxable","15":"purchasable","16":"product-type-simple"},"tiered_pricing_type":"fixed","tiered_pricing_fixed_rules":[],"tiered_pricing_product_settings":{"layout":"default","base_unit_name":{"singular":null,"plural":null},"default_variation":null},"tiered_pricing_minimum_quantity":null,"tiered_pricing_roles_data":{"instalador":{"product_id":7773,"role":"instalador","pricing_type":"flat","regular_price":55,"sale_price":45,"discount":null,"discount_type":"sale_price","tiered_pricing_type":"fixed","percentage_rules":[],"fixed_rules":[],"minimum":null}},"tiered_pricing_percentage_rules":[],"tiered_pricing_maximum_quantity":null,"tiered_pricing_quantity_step":null,"_links":{"self":[{"href":"https:\/\/i-electronic.com\/sys\/wp-json\/wp\/v2\/product\/7773","targetHints":{"allow":["GET"]}}],"collection":[{"href":"https:\/\/i-electronic.com\/sys\/wp-json\/wp\/v2\/product"}],"about":[{"href":"https:\/\/i-electronic.com\/sys\/wp-json\/wp\/v2\/types\/product"}],"wp:featuredmedia":[{"embeddable":true,"href":"https:\/\/i-electronic.com\/sys\/wp-json\/wp\/v2\/media\/7768"}],"wp:attachment":[{"href":"https:\/\/i-electronic.com\/sys\/wp-json\/wp\/v2\/media?parent=7773"}],"wp:term":[{"taxonomy":"product_brand","embeddable":true,"href":"https:\/\/i-electronic.com\/sys\/wp-json\/wp\/v2\/product_brand?post=7773"},{"taxonomy":"product_cat","embeddable":true,"href":"https:\/\/i-electronic.com\/sys\/wp-json\/wp\/v2\/product_cat?post=7773"},{"taxonomy":"product_tag","embeddable":true,"href":"https:\/\/i-electronic.com\/sys\/wp-json\/wp\/v2\/product_tag?post=7773"}],"curies":[{"name":"wp","href":"https:\/\/api.w.org\/{rel}","templated":true}]}}