{"id":7777,"date":"2025-07-15T07:37:14","date_gmt":"2025-07-15T11:37:14","guid":{"rendered":"https:\/\/i-electronic.com\/sys\/?post_type=product&#038;p=7777"},"modified":"2025-07-22T09:55:20","modified_gmt":"2025-07-22T13:55:20","slug":"ezviz-eb3-camara-de-vigilanciaindependiente-con-bateria-3mp-wifi","status":"publish","type":"product","link":"https:\/\/i-electronic.com\/sys\/product\/ezviz-eb3-camara-de-vigilanciaindependiente-con-bateria-3mp-wifi\/","title":{"rendered":"EZVIZ EB3  &#8211;  CAMARA DE VIGILANCIA CON BATERIA 3MP WIFI"},"content":{"rendered":"","protected":false},"excerpt":{"rendered":"<p>La EZVIZ EB3 es una c\u00e1mara de seguridad para exteriores muy f\u00e1cil de usar, con una resoluci\u00f3n n\u00edtida de 2K y m\u00e1s. Funciona de forma continua hasta 120 d\u00edas con una carga completa de la bater\u00eda y b\u00e1sicamente puede ir a cualquier lugar cerca de su casa sin necesidad de un cableado complejo ni costosas tarifas de instalaci\u00f3n. Es una opci\u00f3n accesible para cualquier familia que necesite un nivel adicional de protecci\u00f3n.<\/p>\n","protected":false},"featured_media":7779,"template":"","meta":[],"product_brand":[16],"product_cat":[86,87],"product_tag":[],"class_list":{"0":"post-7777","1":"product","2":"type-product","3":"status-publish","4":"has-post-thumbnail","6":"product_brand-ezviz","7":"product_cat-camaras","8":"product_cat-camaras-ip","9":"pa_uso-uso-interiores","11":"first","12":"instock","13":"featured","14":"shipping-taxable","15":"purchasable","16":"product-type-simple"},"tiered_pricing_type":"fixed","tiered_pricing_fixed_rules":[],"tiered_pricing_product_settings":{"layout":"default","base_unit_name":{"singular":null,"plural":null},"default_variation":null},"tiered_pricing_minimum_quantity":null,"tiered_pricing_roles_data":{"instalador":{"product_id":7777,"role":"instalador","pricing_type":"flat","regular_price":143,"sale_price":121,"discount":null,"discount_type":"sale_price","tiered_pricing_type":"fixed","percentage_rules":[],"fixed_rules":[],"minimum":null}},"tiered_pricing_percentage_rules":[],"tiered_pricing_maximum_quantity":null,"tiered_pricing_quantity_step":null,"_links":{"self":[{"href":"https:\/\/i-electronic.com\/sys\/wp-json\/wp\/v2\/product\/7777","targetHints":{"allow":["GET"]}}],"collection":[{"href":"https:\/\/i-electronic.com\/sys\/wp-json\/wp\/v2\/product"}],"about":[{"href":"https:\/\/i-electronic.com\/sys\/wp-json\/wp\/v2\/types\/product"}],"wp:featuredmedia":[{"embeddable":true,"href":"https:\/\/i-electronic.com\/sys\/wp-json\/wp\/v2\/media\/7779"}],"wp:attachment":[{"href":"https:\/\/i-electronic.com\/sys\/wp-json\/wp\/v2\/media?parent=7777"}],"wp:term":[{"taxonomy":"product_brand","embeddable":true,"href":"https:\/\/i-electronic.com\/sys\/wp-json\/wp\/v2\/product_brand?post=7777"},{"taxonomy":"product_cat","embeddable":true,"href":"https:\/\/i-electronic.com\/sys\/wp-json\/wp\/v2\/product_cat?post=7777"},{"taxonomy":"product_tag","embeddable":true,"href":"https:\/\/i-electronic.com\/sys\/wp-json\/wp\/v2\/product_tag?post=7777"}],"curies":[{"name":"wp","href":"https:\/\/api.w.org\/{rel}","templated":true}]}}